{"id":113,"date":"2023-11-28T05:16:52","date_gmt":"2023-11-28T05:16:52","guid":{"rendered":"http:\/\/sanatoriosanfranciscoxalapa.com.mx\/?page_id=113"},"modified":"2024-04-22T16:00:17","modified_gmt":"2024-04-22T16:00:17","slug":"hospitalizacion","status":"publish","type":"page","link":"https:\/\/sanatoriosanfranciscoxalapa.com\/index.php\/servicios\/hospitalizacion\/","title":{"rendered":"Hospitalizaci\u00f3n"},"content":{"rendered":"<p>[et_pb_section fb_built=&#8221;1&#8243; custom_padding_last_edited=&#8221;on|phone&#8221; admin_label=&#8221;Header&#8221; _builder_version=&#8221;4.25.0&#8243; use_background_color_gradient=&#8221;on&#8221; background_color_gradient_type=&#8221;circular&#8221; background_color_gradient_direction_radial=&#8221;right&#8221; background_color_gradient_stops=&#8221;rgba(255,255,255,0) 0%|#ffffff 50%&#8221; background_color_gradient_overlays_image=&#8221;on&#8221; background_color_gradient_start=&#8221;rgba(255,255,255,0)&#8221; background_color_gradient_end=&#8221;#ffffff&#8221; background_color_gradient_end_position=&#8221;70%&#8221; background_image=&#8221;https:\/\/sanatoriosanfranciscoxalapa.com.mx\/wp-content\/uploads\/2024\/04\/hospitalizacion.jpg&#8221; background_position=&#8221;center_right&#8221; custom_margin=&#8221;|||&#8221; custom_padding=&#8221;10vw||10vw||true|false&#8221; custom_padding_tablet=&#8221;||||false|false&#8221; custom_padding_phone=&#8221;||||false|false&#8221; hover_enabled=&#8221;0&#8243; border_radii=&#8221;||||10vw&#8221; box_shadow_style=&#8221;preset1&#8243; box_shadow_vertical=&#8221;40px&#8221; box_shadow_blur=&#8221;60px&#8221; box_shadow_color=&#8221;rgba(0,64,135,0.06)&#8221; global_colors_info=&#8221;{}&#8221; title_text=&#8221;hospitalizacion&#8221; sticky_enabled=&#8221;0&#8243; background_size=&#8221;contain&#8221;][et_pb_row column_structure=&#8221;3_5,2_5&#8243; _builder_version=&#8221;4.16&#8243; global_colors_info=&#8221;{}&#8221;][et_pb_column type=&#8221;3_5&#8243; _builder_version=&#8221;4.16&#8243; custom_padding=&#8221;|||&#8221; global_colors_info=&#8221;{}&#8221; custom_padding__hover=&#8221;|||&#8221;][et_pb_text _builder_version=&#8221;4.23.1&#8243; text_font=&#8221;||||||||&#8221; header_font=&#8221;Cantata One||||||||&#8221; header_font_size=&#8221;50px&#8221; header_line_height=&#8221;1.4em&#8221; header_2_font=&#8221;||||||||&#8221; header_2_text_color=&#8221;rgba(0,0,0,0.62)&#8221; header_2_font_size=&#8221;20px&#8221; header_2_line_height=&#8221;1.6em&#8221; animation_style=&#8221;slide&#8221; animation_direction=&#8221;bottom&#8221; header_font_size_tablet=&#8221;35px&#8221; header_font_size_phone=&#8221;25px&#8221; header_font_size_last_edited=&#8221;on|desktop&#8221; global_colors_info=&#8221;{}&#8221;]<\/p>\n<h1>Hospitalizaci\u00f3n<\/h1>\n<h2>Atenci\u00f3n personalizada<\/h2>\n<p>[\/et_pb_text][\/et_pb_column][et_pb_column type=&#8221;2_5&#8243; _builder_version=&#8221;4.16&#8243; custom_padding=&#8221;15px|||&#8221; global_colors_info=&#8221;{}&#8221; custom_padding__hover=&#8221;|||&#8221;][\/et_pb_column][\/et_pb_row][\/et_pb_section][et_pb_section fb_built=&#8221;1&#8243; admin_label=&#8221;Tips&#8221; _builder_version=&#8221;4.16&#8243; use_background_color_gradient=&#8221;on&#8221; background_color_gradient_stops=&#8221;#ffffff 0%|rgba(255,255,255,0.29) 100%&#8221; background_color_gradient_overlays_image=&#8221;on&#8221; background_color_gradient_start=&#8221;#ffffff&#8221; background_color_gradient_end=&#8221;rgba(255,255,255,0.29)&#8221; background_image=&#8221;https:\/\/sanatoriosanfranciscoxalapa.com.mx\/wp-content\/uploads\/2023\/11\/dentist-15.jpg&#8221; custom_padding=&#8221;50px|0px|3vw|0px|false|false&#8221; box_shadow_style=&#8221;preset6&#8243; box_shadow_horizontal=&#8221;80px&#8221; box_shadow_vertical=&#8221;-100px&#8221; box_shadow_blur=&#8221;200px&#8221; box_shadow_spread=&#8221;80px&#8221; box_shadow_color=&#8221;#ffffff&#8221; global_colors_info=&#8221;{}&#8221;][et_pb_row column_structure=&#8221;3_5,2_5&#8243; _builder_version=&#8221;4.16&#8243; global_colors_info=&#8221;{}&#8221;][et_pb_column type=&#8221;3_5&#8243; _builder_version=&#8221;4.16&#8243; custom_padding=&#8221;|||&#8221; global_colors_info=&#8221;{}&#8221; custom_padding__hover=&#8221;|||&#8221;][et_pb_text _builder_version=&#8221;4.23.1&#8243; text_font=&#8221;Open Sans||||||||&#8221; text_line_height=&#8221;2em&#8221; header_font=&#8221;||||||||&#8221; header_3_font=&#8221;Cantata One||||||||&#8221; header_3_font_size=&#8221;20px&#8221; header_3_line_height=&#8221;1.6em&#8221; locked=&#8221;off&#8221; global_colors_info=&#8221;{}&#8221;]<\/p>\n<p>En nuestra secci\u00f3n de hospitalizaci\u00f3n, fusionamos tecnolog\u00eda y talento para brindarte un entorno seguro, c\u00e1lido y confiable durante tu estad\u00eda. Nos comprometemos a proporcionar cuidados b\u00e1sicos y especializados de manera integral, asegurando altos est\u00e1ndares de calidad en cada aspecto de tu atenci\u00f3n m\u00e9dica.<\/p>\n<p>Nuestro equipo de profesionales altamente calificados se dedica a ofrecer una atenci\u00f3n hospitalaria personalizada, adaptada a tus necesidades espec\u00edficas. Con instalaciones equipadas con tecnolog\u00eda de \u00faltima generaci\u00f3n, garantizamos un ambiente propicio para tu recuperaci\u00f3n. Ya sea que requieras cuidados posteriores a una cirug\u00eda, tratamiento especializado o atenci\u00f3n continua.<\/p>\n<p>&nbsp;<\/p>\n<h3>Nuestro compromiso es brindarte el m\u00e1s alto nivel de atenci\u00f3n hospitalaria, donde tu salud y bienestar son nuestra prioridad.<\/h3>\n<p>[\/et_pb_text][\/et_pb_column][et_pb_column type=&#8221;2_5&#8243; _builder_version=&#8221;4.16&#8243; custom_padding=&#8221;|||&#8221; global_colors_info=&#8221;{}&#8221; custom_padding__hover=&#8221;|||&#8221;][et_pb_image src=&#8221;https:\/\/sanatoriosanfranciscoxalapa.com.mx\/wp-content\/uploads\/2024\/04\/habitacion.jpg&#8221; _builder_version=&#8221;4.25.0&#8243; _module_preset=&#8221;default&#8221; hover_enabled=&#8221;0&#8243; global_colors_info=&#8221;{}&#8221; title_text=&#8221;habitacion&#8221; sticky_enabled=&#8221;0&#8243;][\/et_pb_image][et_pb_button button_text=&#8221;Conoce nuestras habitaciones&#8221; button_alignment=&#8221;center&#8221; _builder_version=&#8221;4.23.1&#8243; _module_preset=&#8221;default&#8221; custom_button=&#8221;on&#8221; button_text_color=&#8221;#FFFFFF&#8221; button_bg_color=&#8221;#0079FF&#8221; button_border_width=&#8221;0px&#8221; button_border_radius=&#8221;40px&#8221; custom_padding=&#8221;8px||8px||false|false&#8221; global_colors_info=&#8221;{}&#8221;][\/et_pb_button][\/et_pb_column][\/et_pb_row][\/et_pb_section][et_pb_section fb_built=&#8221;1&#8243; _builder_version=&#8221;4.23.1&#8243; _module_preset=&#8221;default&#8221; use_background_color_gradient=&#8221;on&#8221; background_color_gradient_stops=&#8221;rgba(30,129,216,0.13) 0%|#ffffff 100%&#8221; custom_padding=&#8221;35px|||||&#8221; global_colors_info=&#8221;{}&#8221;][et_pb_row column_structure=&#8221;1_2,1_2&#8243; _builder_version=&#8221;4.23.1&#8243; _module_preset=&#8221;default&#8221; global_colors_info=&#8221;{}&#8221;][et_pb_column type=&#8221;1_2&#8243; _builder_version=&#8221;4.23.1&#8243; _module_preset=&#8221;default&#8221; global_colors_info=&#8221;{}&#8221;][et_pb_text _builder_version=&#8221;4.23.1&#8243; _module_preset=&#8221;default&#8221; custom_margin=&#8221;||23px|||&#8221; global_colors_info=&#8221;{}&#8221;]<\/p>\n<h2>M\u00e9dico de guardia las 24 horas<\/h2>\n<p>[\/et_pb_text][et_pb_text _builder_version=&#8221;4.23.1&#8243; _module_preset=&#8221;default&#8221; global_colors_info=&#8221;{}&#8221;]<\/p>\n<p>Contamos con un equipo m\u00e9dico de guardia disponible las 24 horas del d\u00eda, los 365 d\u00edas del a\u00f1o. Este servicio asegura que, en cualquier momento que necesites atenci\u00f3n m\u00e9dica urgente, habr\u00e1 un profesional altamente capacitado y comprometido a tu disposici\u00f3n para brindarte la atenci\u00f3n necesaria. Tu bienestar no tiene horarios, y nuestro equipo m\u00e9dico est\u00e1 aqu\u00ed para cuidarte en cada momento, ofreciendo una atenci\u00f3n de calidad con prontitud y dedicaci\u00f3n.<\/p>\n<p>[\/et_pb_text][\/et_pb_column][et_pb_column type=&#8221;1_2&#8243; _builder_version=&#8221;4.23.1&#8243; _module_preset=&#8221;default&#8221; global_colors_info=&#8221;{}&#8221;][et_pb_text _builder_version=&#8221;4.23.1&#8243; _module_preset=&#8221;default&#8221; custom_margin=&#8221;||23px|||&#8221; global_colors_info=&#8221;{}&#8221;]<\/p>\n<h2>Atenci\u00f3n de enfermer\u00eda las 24 horas<\/h2>\n<p>[\/et_pb_text][et_pb_text _builder_version=&#8221;4.23.1&#8243; _module_preset=&#8221;default&#8221; global_colors_info=&#8221;{}&#8221;]<\/p>\n<p>Entendemos que tus necesidades de atenci\u00f3n no conocen l\u00edmites de tiempo. Por eso, contamos con un equipo de enfermer\u00eda disponible las 24 horas del d\u00eda, todos los d\u00edas del a\u00f1o. Este servicio garantiza que, en cualquier momento, recibir\u00e1s la atenci\u00f3n de enfermer\u00eda necesaria, con profesionalismo, calidez y dedicaci\u00f3n. Tu bienestar es nuestra prioridad constante, y nuestro equipo de enfermer\u00eda est\u00e1 aqu\u00ed para brindarte cuidados permanentes, siempre a tu lado.<\/p>\n<p>[\/et_pb_text][\/et_pb_column][\/et_pb_row][\/et_pb_section]<\/p>\n","protected":false},"excerpt":{"rendered":"<p>Hospitalizaci\u00f3n Atenci\u00f3n personalizadaEn nuestra secci\u00f3n de hospitalizaci\u00f3n, fusionamos tecnolog\u00eda y talento para brindarte un entorno seguro, c\u00e1lido y confiable durante tu estad\u00eda. Nos comprometemos a proporcionar cuidados b\u00e1sicos y especializados de manera integral, asegurando altos est\u00e1ndares de calidad en cada aspecto de tu atenci\u00f3n m\u00e9dica. Nuestro equipo de profesionales altamente calificados se dedica a ofrecer [&hellip;]<\/p>\n","protected":false},"author":1,"featured_media":0,"parent":169,"menu_order":0,"comment_status":"closed","ping_status":"closed","template":"","meta":{"_et_pb_use_builder":"on","_et_pb_old_content":"","_et_gb_content_width":"","footnotes":""},"class_list":["post-113","page","type-page","status-publish","hentry"],"_links":{"self":[{"href":"https:\/\/sanatoriosanfranciscoxalapa.com\/index.php\/wp-json\/wp\/v2\/pages\/113","targetHints":{"allow":["GET"]}}],"collection":[{"href":"https:\/\/sanatoriosanfranciscoxalapa.com\/index.php\/wp-json\/wp\/v2\/pages"}],"about":[{"href":"https:\/\/sanatoriosanfranciscoxalapa.com\/index.php\/wp-json\/wp\/v2\/types\/page"}],"author":[{"embeddable":true,"href":"https:\/\/sanatoriosanfranciscoxalapa.com\/index.php\/wp-json\/wp\/v2\/users\/1"}],"replies":[{"embeddable":true,"href":"https:\/\/sanatoriosanfranciscoxalapa.com\/index.php\/wp-json\/wp\/v2\/comments?post=113"}],"version-history":[{"count":4,"href":"https:\/\/sanatoriosanfranciscoxalapa.com\/index.php\/wp-json\/wp\/v2\/pages\/113\/revisions"}],"predecessor-version":[{"id":242,"href":"https:\/\/sanatoriosanfranciscoxalapa.com\/index.php\/wp-json\/wp\/v2\/pages\/113\/revisions\/242"}],"up":[{"embeddable":true,"href":"https:\/\/sanatoriosanfranciscoxalapa.com\/index.php\/wp-json\/wp\/v2\/pages\/169"}],"wp:attachment":[{"href":"https:\/\/sanatoriosanfranciscoxalapa.com\/index.php\/wp-json\/wp\/v2\/media?parent=113"}],"curies":[{"name":"wp","href":"https:\/\/api.w.org\/{rel}","templated":true}]}}